{"id":251,"date":"2025-11-20T18:13:04","date_gmt":"2025-11-20T18:13:04","guid":{"rendered":"https:\/\/nachsendungsantrag.de\/?page_id=251"},"modified":"2025-12-03T11:02:24","modified_gmt":"2025-12-03T11:02:24","slug":"start","status":"publish","type":"page","link":"https:\/\/nachsendungsantrag.de\/","title":{"rendered":""},"content":{"rendered":"<div class=\"wp-block-media-text is-stacked-on-mobile\" style=\"grid-template-columns: 24% auto;\">\u00a0<\/div>\n\n\n<p class=\"has-black-color has-text-color has-link-color wp-elements-1373e1cd2a75f8281284fa773dbcad9e\">Wissenswert: Es werden etwa<strong> 4 Millionen Nachsendeauftr\u00e4ge pro Jahr<\/strong> bei der Deutschen Post und anderen Zustellern eingerichtet &#8211; Damit Ihre Post Sie auch bei Umz\u00fcgen, vor\u00fcbergehender Abwesenheit und in anderen Ausnahmef\u00e4llen zuverl\u00e4ssig erreicht. <\/p>\n\n\n\n<div style=\"height:26px\" aria-hidden=\"true\" class=\"wp-block-spacer\"><\/div>\n\n\n\n<div class=\"wp-block-columns is-layout-flex wp-container-core-columns-is-layout-28f84493 wp-block-columns-is-layout-flex\">\n<div class=\"wp-block-column is-layout-flow wp-block-column-is-layout-flow\">\n<figure class=\"wp-block-image size-full is-resized has-custom-border is-style-default\" style=\"margin-top:0;margin-right:0;margin-bottom:0;margin-left:0\"><img loading=\"lazy\" decoding=\"async\" width=\"280\" height=\"248\" src=\"https:\/\/nachsendungsantrag.de\/wp-content\/uploads\/2025\/10\/box3.jpg\" alt=\"\" class=\"wp-image-212\" style=\"border-style:none;border-width:0px;border-radius:0px;object-fit:cover;width:230px;height:auto\"\/><\/figure>\n\n\n\n<div style=\"height:29px\" aria-hidden=\"true\" class=\"wp-block-spacer\"><\/div>\n\n\n\n<div class=\"wp-block-columns is-layout-flex wp-container-core-columns-is-layout-28f84493 wp-block-columns-is-layout-flex\">\n<div class=\"wp-block-column is-layout-flow wp-block-column-is-layout-flow\">\n<figure class=\"wp-block-image size-full\"><img loading=\"lazy\" decoding=\"async\" width=\"122\" height=\"86\" src=\"https:\/\/nachsendungsantrag.de\/wp-content\/uploads\/2025\/11\/DE-Logo.jpg\" alt=\"\" class=\"wp-image-269\"\/><\/figure>\n<\/div>\n\n\n\n<div class=\"wp-block-column is-layout-flow wp-block-column-is-layout-flow\">\n<figure class=\"wp-block-image size-full\"><img loading=\"lazy\" decoding=\"async\" width=\"328\" height=\"181\" src=\"https:\/\/nachsendungsantrag.de\/wp-content\/uploads\/2025\/10\/dsgvo.jpg\" alt=\"\" class=\"wp-image-213\" srcset=\"https:\/\/nachsendungsantrag.de\/wp-content\/uploads\/2025\/10\/dsgvo.jpg 328w, https:\/\/nachsendungsantrag.de\/wp-content\/uploads\/2025\/10\/dsgvo-300x166.jpg 300w\" sizes=\"auto, (max-width: 328px) 100vw, 328px\" \/><\/figure>\n<\/div>\n<\/div>\n<\/div>\n\n\n\n<div class=\"wp-block-column has-white-background-color has-background has-normal-font-size is-layout-flow wp-container-core-column-is-layout-8a368f38 wp-block-column-is-layout-flow\" style=\"border-style:none;border-width:0px;border-radius:0px;flex-basis:65%\">\n<div class=\"wp-block-group has-luminous-vivid-amber-background-color has-background is-nowrap is-layout-flex wp-container-core-group-is-layout-6c531013 wp-block-group-is-layout-flex\">\n<p class=\"has-black-color has-text-color has-link-color has-normal-font-size wp-elements-eef9a70be54d885d2c9ee6414758bc2f\"><strong>Privater Nachsendeauftrag <\/strong>&#8211; ab 11,50\u20ac \/ Monat inkl. MwSt.<\/p>\n<\/div>\n\n\n\n<div class=\"wp-block-columns is-layout-flex wp-container-core-columns-is-layout-c111127d wp-block-columns-is-layout-flex\" style=\"border-width:1px;margin-top:0;margin-bottom:0\">\n<div class=\"wp-block-column is-layout-flow wp-block-column-is-layout-flow\" style=\"flex-basis:66.67%\">\n<p class=\"has-border-color has-white-border-color\" style=\"border-width:19px;margin-right:var(--wp--preset--spacing--50);margin-left:var(--wp--preset--spacing--50)\">F\u00fcr Ihren privaten Nachsendeantrag, bei Umzug, Abwesenheit, oder im Sterbefall.<\/p>\n<\/div>\n\n\n\n<div class=\"wp-block-column is-layout-flow wp-block-column-is-layout-flow\" style=\"flex-basis:40%\">\n<div style=\"height:12px\" aria-hidden=\"true\" class=\"wp-block-spacer\"><\/div>\n\n\n\n<div class=\"wp-block-buttons is-layout-flex wp-block-buttons-is-layout-flex\">\n<div class=\"wp-block-button is-style-fill\"><a class=\"wp-block-button__link has-white-color has-black-background-color has-text-color has-background has-link-color has-border-color has-white-border-color has-normal-font-size has-custom-font-size wp-element-button\" href=\"https:\/\/nachsendungsantrag.de\/?product=nachsendeauftrag-privat\" style=\"border-width:1px\">Hier einrichten<\/a><\/div>\n<\/div>\n<\/div>\n<\/div>\n\n\n\n<div style=\"margin-top:0;margin-bottom:0;height:32px\" aria-hidden=\"true\" class=\"wp-block-spacer\"><\/div>\n\n\n\n<div class=\"wp-block-group has-luminous-vivid-amber-background-color has-background is-nowrap is-layout-flex wp-container-core-group-is-layout-6c531013 wp-block-group-is-layout-flex\">\n<p class=\"has-black-color has-text-color has-link-color has-normal-font-size wp-elements-9553d98b12a9c8d4c3b16e7e14e63873\"><strong>Gewerblicher Nachsendeauftrag <\/strong>&#8211; ab 15,50\u20ac \/ Monat inkl. MwSt.<\/p>\n<\/div>\n\n\n\n<div class=\"wp-block-columns is-layout-flex wp-container-core-columns-is-layout-cbe57604 wp-block-columns-is-layout-flex\" style=\"border-width:1px\">\n<div class=\"wp-block-column is-layout-flow wp-block-column-is-layout-flow\" style=\"flex-basis:66.66%\">\n<div style=\"height:2px\" aria-hidden=\"true\" class=\"wp-block-spacer\"><\/div>\n\n\n\n<p style=\"border-style:none;border-width:0px;margin-right:var(--wp--preset--spacing--60);margin-left:var(--wp--preset--spacing--60)\">F\u00fcr Ihren gewerblichen Nachsendeantrag, bei Umzug, Abwesenheit oder Insolvenz.<\/p>\n<\/div>\n\n\n\n<div class=\"wp-block-column is-layout-flow wp-block-column-is-layout-flow\" style=\"flex-basis:33.33%\">\n<div style=\"height:9px\" aria-hidden=\"true\" class=\"wp-block-spacer\"><\/div>\n\n\n\n<div class=\"wp-block-buttons is-layout-flex wp-block-buttons-is-layout-flex\">\n<div class=\"wp-block-button is-style-fill\"><a class=\"wp-block-button__link has-white-color has-black-background-color has-text-color has-background has-link-color wp-element-button\" href=\"https:\/\/nachsendungsantrag.de\/?product=nachsendeauftrag-privat\" style=\"border-width:1px\">Hier einrichten<\/a><\/div>\n<\/div>\n<\/div>\n<\/div>\n<\/div>\n<\/div>\n\n\n\n<p class=\"has-small-font-size\" style=\"font-style:normal;font-weight:200\"><strong>Nachsendungsantrag.de<\/strong> richtet als kompetenter Dienstleister f\u00fcr Sie den Nachsendeauftrag bei der Deutschen Post und weiteren regionalen Zustellern f\u00fcr Sie ein. Sie verpassen somit keine Post mehr! Beh\u00f6rden und Firmen senden gerne mit regionalen Zustellern aufgrund des Preisvorteils. Wenn in Ihrer Region ein relevanter regionaler Zusteller aktiv ist, richten wir auch dort einen Nachsendeauftrag f\u00fcr Sie ein (siehe AGB).&nbsp; Unseren Service, inkl. Adress-Check und Datenpr\u00fcfung bieten wir f\u00fcr Privat- und Gesch\u00e4ftskunden an. <\/p>\n\n\n\n<p class=\"has-small-font-size\"><small><strong>Deutsche Post, DHL, DHL Paket und Dialogpost sind eingetragene Marken der Deutsche Post DHL Group AG<\/strong> bzw. deren Tochtergesellschaften. Unsere hier angebotenen Dienstleistungen  und Produkte stehen in keiner Beziehung zur Deutsche Post DHL Group AG, deren Tochtergesellschaften und anderen Zustelldiensten.<\/small><\/p>\n\n\n\n<p><\/p>\n","protected":false},"excerpt":{"rendered":"<p>\u00a0 Wissenswert: Es werden etwa 4 Millionen Nachsendeauftr\u00e4ge pro Jahr bei der Deutschen Post und anderen Zustellern eingerichtet &#8211; Damit Ihre Post Sie auch bei Umz\u00fcgen, vor\u00fcbergehender Abwesenheit und in anderen Ausnahmef\u00e4llen zuverl\u00e4ssig erreicht. Privater Nachsendeauftrag &#8211; ab 11,50\u20ac \/ Monat inkl. MwSt. F\u00fcr Ihren privaten Nachsendeantrag, bei Umzug, Abwesenheit, oder im Sterbefall. Gewerblicher Nachsendeauftrag [&hellip;]<\/p>\n","protected":false},"author":1,"featured_media":0,"parent":0,"menu_order":0,"comment_status":"closed","ping_status":"closed","template":"template-fullwidth.php","meta":{"footnotes":""},"class_list":["post-251","page","type-page","status-publish","hentry"],"_links":{"self":[{"href":"https:\/\/nachsendungsantrag.de\/index.php?rest_route=\/wp\/v2\/pages\/251","targetHints":{"allow":["GET"]}}],"collection":[{"href":"https:\/\/nachsendungsantrag.de\/index.php?rest_route=\/wp\/v2\/pages"}],"about":[{"href":"https:\/\/nachsendungsantrag.de\/index.php?rest_route=\/wp\/v2\/types\/page"}],"author":[{"embeddable":true,"href":"https:\/\/nachsendungsantrag.de\/index.php?rest_route=\/wp\/v2\/users\/1"}],"replies":[{"embeddable":true,"href":"https:\/\/nachsendungsantrag.de\/index.php?rest_route=%2Fwp%2Fv2%2Fcomments&post=251"}],"version-history":[{"count":13,"href":"https:\/\/nachsendungsantrag.de\/index.php?rest_route=\/wp\/v2\/pages\/251\/revisions"}],"predecessor-version":[{"id":287,"href":"https:\/\/nachsendungsantrag.de\/index.php?rest_route=\/wp\/v2\/pages\/251\/revisions\/287"}],"wp:attachment":[{"href":"https:\/\/nachsendungsantrag.de\/index.php?rest_route=%2Fwp%2Fv2%2Fmedia&parent=251"}],"curies":[{"name":"wp","href":"https:\/\/api.w.org\/{rel}","templated":true}]}}